{"id":221063,"date":"2023-03-23T16:38:25","date_gmt":"2023-03-23T16:38:25","guid":{"rendered":"https:\/\/gpdstore.net\/o-nas\/"},"modified":"2024-12-11T13:38:49","modified_gmt":"2024-12-11T13:38:49","slug":"o-nas","status":"publish","type":"page","link":"https:\/\/gpdstore.net\/cs\/o-nas\/","title":{"rendered":"O n\u00e1s"},"content":{"rendered":"\t\t<div data-elementor-type=\"wp-page\" data-elementor-id=\"221063\" class=\"elementor elementor-221063 elementor-10\" data-elementor-settings=\"{&quot;element_pack_global_tooltip_width&quot;:{&quot;unit&quot;:&quot;px&quot;,&quot;size&quot;:&quot;&quot;,&quot;sizes&quot;:[]},&quot;element_pack_global_tooltip_width_tablet&quot;:{&quot;unit&quot;:&quot;px&quot;,&quot;size&quot;:&quot;&quot;,&quot;sizes&quot;:[]},&quot;element_pack_global_tooltip_width_mobile&quot;:{&quot;unit&quot;:&quot;px&quot;,&quot;size&quot;:&quot;&quot;,&quot;sizes&quot;:[]},&quot;element_pack_global_tooltip_padding&quot;:{&quot;unit&quot;:&quot;px&quot;,&quot;top&quot;:&quot;&quot;,&quot;right&quot;:&quot;&quot;,&quot;bottom&quot;:&quot;&quot;,&quot;left&quot;:&quot;&quot;,&quot;isLinked&quot;:true},&quot;element_pack_global_tooltip_padding_tablet&quot;:{&quot;unit&quot;:&quot;px&quot;,&quot;top&quot;:&quot;&quot;,&quot;right&quot;:&quot;&quot;,&quot;bottom&quot;:&quot;&quot;,&quot;left&quot;:&quot;&quot;,&quot;isLinked&quot;:true},&quot;element_pack_global_tooltip_padding_mobile&quot;:{&quot;unit&quot;:&quot;px&quot;,&quot;top&quot;:&quot;&quot;,&quot;right&quot;:&quot;&quot;,&quot;bottom&quot;:&quot;&quot;,&quot;left&quot;:&quot;&quot;,&quot;isLinked&quot;:true},&quot;element_pack_global_tooltip_border_radius&quot;:{&quot;unit&quot;:&quot;px&quot;,&quot;top&quot;:&quot;&quot;,&quot;right&quot;:&quot;&quot;,&quot;bottom&quot;:&quot;&quot;,&quot;left&quot;:&quot;&quot;,&quot;isLinked&quot;:true},&quot;element_pack_global_tooltip_border_radius_tablet&quot;:{&quot;unit&quot;:&quot;px&quot;,&quot;top&quot;:&quot;&quot;,&quot;right&quot;:&quot;&quot;,&quot;bottom&quot;:&quot;&quot;,&quot;left&quot;:&quot;&quot;,&quot;isLinked&quot;:true},&quot;element_pack_global_tooltip_border_radius_mobile&quot;:{&quot;unit&quot;:&quot;px&quot;,&quot;top&quot;:&quot;&quot;,&quot;right&quot;:&quot;&quot;,&quot;bottom&quot;:&quot;&quot;,&quot;left&quot;:&quot;&quot;,&quot;isLinked&quot;:true}}\" data-elementor-post-type=\"page\">\n\t\t\t\t\t\t<section class=\"elementor-section elementor-top-section elementor-element elementor-element-9ee181d elementor-section-height-min-height elementor-section-content-middle elementor-reverse-mobile elementor-section-boxed elementor-section-height-default elementor-section-items-middle\" data-id=\"9ee181d\" data-element_type=\"section\" data-settings=\"{&quot;background_background&quot;:&quot;classic&quot;,&quot;background_motion_fx_motion_fx_scrolling&quot;:&quot;yes&quot;,&quot;background_motion_fx_blur_effect&quot;:&quot;yes&quot;,&quot;background_motion_fx_range&quot;:&quot;viewport&quot;,&quot;background_motion_fx_motion_fx_mouse&quot;:&quot;yes&quot;,&quot;background_motion_fx_mouseTrack_effect&quot;:&quot;yes&quot;,&quot;background_motion_fx_blur_direction&quot;:&quot;out-in&quot;,&quot;background_motion_fx_blur_level&quot;:{&quot;unit&quot;:&quot;px&quot;,&quot;size&quot;:7,&quot;sizes&quot;:[]},&quot;background_motion_fx_blur_range&quot;:{&quot;unit&quot;:&quot;%&quot;,&quot;size&quot;:&quot;&quot;,&quot;sizes&quot;:{&quot;start&quot;:20,&quot;end&quot;:80}},&quot;background_motion_fx_devices&quot;:[&quot;desktop&quot;,&quot;tablet&quot;,&quot;mobile&quot;],&quot;background_motion_fx_mouseTrack_speed&quot;:{&quot;unit&quot;:&quot;px&quot;,&quot;size&quot;:1,&quot;sizes&quot;:[]}}\">\n\t\t\t\t\t\t<div class=\"elementor-container elementor-column-gap-no\">\n\t\t\t\t\t<div class=\"elementor-column elementor-col-100 elementor-top-column elementor-element elementor-element-53c0e4e\" data-id=\"53c0e4e\" data-element_type=\"column\" data-settings=\"{&quot;background_background&quot;:&quot;classic&quot;}\">\n\t\t\t<div class=\"elementor-widget-wrap elementor-element-populated\">\n\t\t\t\t\t\t<div class=\"elementor-element elementor-element-d21bfa3 elementor-widget elementor-widget-heading\" data-id=\"d21bfa3\" data-element_type=\"widget\" data-widget_type=\"heading.default\">\n\t\t\t\t<div class=\"elementor-widget-container\">\n\t\t\t\t\t<h2 class=\"elementor-heading-title elementor-size-default\">GPD<br>x<br>DROIX<\/h2>\t\t\t\t<\/div>\n\t\t\t\t<\/div>\n\t\t\t\t<div class=\"elementor-element elementor-element-4bf96d9 elementor-widget elementor-widget-text-editor\" data-id=\"4bf96d9\" data-element_type=\"widget\" data-widget_type=\"text-editor.default\">\n\t\t\t\t<div class=\"elementor-widget-container\">\n\t\t\t\t\t\t\t\t\t<p>V\u00edtejte v obchod\u011b GPD Store, kde najdete nejmodern\u011bj\u0161\u00ed hern\u00ed po\u010d\u00edta\u010de pro kapesn\u00ed po\u010d\u00edta\u010de na trhu.<\/p>\n<p>Jsme hrd\u00fdm prodejcem produkt\u016f GPD (GamePad Digital) a nab\u00edz\u00edme v\u00e1m nejnov\u011bj\u0161\u00ed a nejinovativn\u011bj\u0161\u00ed za\u0159\u00edzen\u00ed, v\u010detn\u011b GPD WIN 4, GPD Pocket 4, GPD Pocket 3 a mnoha dal\u0161\u00edch gadget\u016f GPD. D\u00edky na\u0161emu z\u00e1vazku poskytovat \u0161pi\u010dkov\u00e9 hern\u00ed z\u00e1\u017eitky jsme volbou pro nad\u0161ence, kte\u0159\u00ed hledaj\u00ed p\u0159enosn\u00e9 v\u00fdkonn\u00e9 za\u0159\u00edzen\u00ed. <\/p>\n<p>V obchod\u011b GPD Store ch\u00e1peme, \u017ee dokonal\u00fd hern\u00ed z\u00e1\u017eitek p\u0159esahuje samotn\u00e9 za\u0159\u00edzen\u00ed. Proto jsme nav\u00e1zali spolupr\u00e1ci se spole\u010dnost\u00ed DroiX, d\u016fv\u011bryhodnou zna\u010dkou v oblasti logistiky a z\u00e1kaznick\u00e9 podpory, abychom zajistili, \u017ee va\u0161e n\u00e1kupn\u00ed cesta u n\u00e1s bude hladk\u00e1 a bezprobl\u00e9mov\u00e1. Odborn\u00e9 znalosti spole\u010dnosti DroiX zaru\u010duj\u00ed bezprobl\u00e9mov\u00fd pr\u016fb\u011bh od zad\u00e1n\u00ed objedn\u00e1vky a\u017e po obdr\u017een\u00ed za\u0159\u00edzen\u00ed a d\u00e1le, tak\u017ee se m\u016f\u017eete soust\u0159edit na to nejd\u016fle\u017eit\u011bj\u0161\u00ed &#8211; pono\u0159it se do sv\u00fdch obl\u00edben\u00fdch her.  <\/p>\n<p>Na\u0161\u00edm posl\u00e1n\u00edm v obchod\u011b GPD Store je poskytnout v\u00e1m dokonal\u00fd z\u00e1\u017eitek z hran\u00ed her na kapesn\u00edch po\u010d\u00edta\u010d\u00edch, za kter\u00fdm stoj\u00ed na\u0161e neochv\u011bjn\u00e1 snaha o spokojenost z\u00e1kazn\u00edk\u016f. Sami jsme hern\u00ed nad\u0161enci a uv\u011bdomujeme si, jak d\u016fle\u017eit\u00e9 je m\u00edt v rukou to spr\u00e1vn\u00e9 za\u0159\u00edzen\u00ed. Proto se neust\u00e1le sna\u017e\u00edme nab\u00edzet ty nejlep\u0161\u00ed produkty GPD na trhu spolu se \u0161pi\u010dkov\u00fdm z\u00e1kaznick\u00fdm servisem.  <\/p>\n<p>Kdy\u017e nakupujete v obchod\u011b GPD Store, nekupujete jen za\u0159\u00edzen\u00ed, ale p\u0159ipojujete se ke komunit\u011b hr\u00e1\u010d\u016f, kte\u0159\u00ed oce\u0148uj\u00ed dokonalou rovnov\u00e1hu mezi v\u00fdkonem a p\u0159enosnost\u00ed. Zveme v\u00e1s, abyste prozkoumali na\u0161i nab\u00eddku produkt\u016f a vyzkou\u0161eli si rozd\u00edl, kter\u00fd GPD Store nab\u00edz\u00ed. P\u0159ipravte se s n\u00e1mi zv\u00fd\u0161it \u00farove\u0148 sv\u00e9ho hran\u00ed!  <\/p>\n\t\t\t\t\t\t\t\t<\/div>\n\t\t\t\t<\/div>\n\t\t\t\t\t<\/div>\n\t\t<\/div>\n\t\t\t\t\t<\/div>\n\t\t<\/section>\n\t\t\t\t<\/div>\n\t\t","protected":false},"excerpt":{"rendered":"<p>GPDxDROIX V\u00edtejte v obchod\u011b GPD Store, kde najdete nejmodern\u011bj\u0161\u00ed hern\u00ed po\u010d\u00edta\u010de pro kapesn\u00ed po\u010d\u00edta\u010de na trhu. Jsme hrd\u00fdm prodejcem produkt\u016f GPD (GamePad Digital) a nab\u00edz\u00edme v\u00e1m nejnov\u011bj\u0161\u00ed a nejinovativn\u011bj\u0161\u00ed za\u0159\u00edzen\u00ed, v\u010detn\u011b GPD WIN 4, GPD Pocket 4, GPD Pocket 3 a mnoha dal\u0161\u00edch gadget\u016f GPD. D\u00edky na\u0161emu z\u00e1vazku poskytovat \u0161pi\u010dkov\u00e9 hern\u00ed z\u00e1\u017eitky jsme volbou pro [&hellip;]<\/p>\n","protected":false},"author":1,"featured_media":0,"parent":0,"menu_order":0,"comment_status":"closed","ping_status":"closed","template":"template-fullwidth-no-heading.php","meta":{"_acf_changed":false,"footnotes":""},"class_list":["post-221063","page","type-page","status-publish","hentry"],"acf":[],"aioseo_notices":[],"_links":{"self":[{"href":"https:\/\/gpdstore.net\/cs\/wp-json\/wp\/v2\/pages\/221063","targetHints":{"allow":["GET"]}}],"collection":[{"href":"https:\/\/gpdstore.net\/cs\/wp-json\/wp\/v2\/pages"}],"about":[{"href":"https:\/\/gpdstore.net\/cs\/wp-json\/wp\/v2\/types\/page"}],"author":[{"embeddable":true,"href":"https:\/\/gpdstore.net\/cs\/wp-json\/wp\/v2\/users\/1"}],"replies":[{"embeddable":true,"href":"https:\/\/gpdstore.net\/cs\/wp-json\/wp\/v2\/comments?post=221063"}],"version-history":[{"count":0,"href":"https:\/\/gpdstore.net\/cs\/wp-json\/wp\/v2\/pages\/221063\/revisions"}],"wp:attachment":[{"href":"https:\/\/gpdstore.net\/cs\/wp-json\/wp\/v2\/media?parent=221063"}],"curies":[{"name":"wp","href":"https:\/\/api.w.org\/{rel}","templated":true}]}}